{"id":18003,"date":"2022-05-10T03:17:03","date_gmt":"2022-05-10T03:17:03","guid":{"rendered":"https:\/\/www.tescapitalsas.com\/?page_id=18003"},"modified":"2022-05-10T21:22:50","modified_gmt":"2022-05-10T21:22:50","slug":"landingmicrosoft","status":"publish","type":"page","link":"https:\/\/www.tescapitalsas.com\/index.php\/landingmicrosoft\/","title":{"rendered":"Landing Microsoft"},"content":{"rendered":"\t\t<div data-elementor-type=\"wp-page\" data-elementor-id=\"18003\" class=\"elementor elementor-18003\" data-elementor-post-type=\"page\">\n\t\t\t\t\t\t<section class=\"elementor-section elementor-top-section elementor-element elementor-element-2d3a945 elementor-section-content-top elementor-section-height-full elementor-section-boxed elementor-section-height-default elementor-section-items-middle\" data-id=\"2d3a945\" data-element_type=\"section\" data-e-type=\"section\" data-settings=\"{&quot;background_background&quot;:&quot;classic&quot;}\">\n\t\t\t\t\t\t\t<div class=\"elementor-background-overlay\"><\/div>\n\t\t\t\t\t\t\t<div class=\"elementor-container elementor-column-gap-custom\">\n\t\t\t\t\t<div class=\"elementor-column elementor-col-50 elementor-top-column elementor-element elementor-element-c0f0e3f\" data-id=\"c0f0e3f\" data-element_type=\"column\" data-e-type=\"column\">\n\t\t\t<div class=\"elementor-widget-wrap elementor-element-populated\">\n\t\t\t\t\t\t<div class=\"elementor-element elementor-element-3ff5006 elementor-widget elementor-widget-text-editor\" data-id=\"3ff5006\" data-element_type=\"widget\" data-e-type=\"widget\" data-widget_type=\"text-editor.default\">\n\t\t\t\t<div class=\"elementor-widget-container\">\n\t\t\t\t\t\t\t\t\t<h1><span style=\"color: #ff6600;\"><strong>MICROSOFT<\/strong><\/span><\/h1><h2><span style=\"color: #ffffff;\"><strong><em>OEM &#8211; FPP &#8211; ESD CLOUD &#8211; ESD PERPETUO&#8230;<\/em><\/strong><\/span><\/h2><h4><span style=\"color: #ffffff;\">En<\/span> <strong><span class=\"error misspelling\" style=\"color: #f15623;\" title=\"Se ha encontrado un posible error ortogr\u00e1fico.\" data-type=\"misspelling\" data-suggestions=\"[{\" data-rule=\"MORFOLOGIK_RULE_ES\" data-word=\"Tescapital\">Tescapital <\/span><\/strong><span style=\"color: #ffffff;\">encuentras la forma m\u00e1s f\u00e1cil de licenciar tus dispositivos, y la m\u00e1s econ\u00f3mica del mercado.<\/span><\/h4>\t\t\t\t\t\t\t\t<\/div>\n\t\t\t\t<\/div>\n\t\t\t\t\t<\/div>\n\t\t<\/div>\n\t\t\t\t<div class=\"elementor-column elementor-col-50 elementor-top-column elementor-element elementor-element-de3b99e\" data-id=\"de3b99e\" data-element_type=\"column\" data-e-type=\"column\">\n\t\t\t<div class=\"elementor-widget-wrap elementor-element-populated\">\n\t\t\t\t\t\t<div class=\"elementor-element elementor-element-c2c364c elementor-align-center elementor-widget elementor-widget-lottie\" data-id=\"c2c364c\" data-element_type=\"widget\" data-e-type=\"widget\" data-settings=\"{&quot;source_json&quot;:{&quot;url&quot;:&quot;https:\\\/\\\/www.tescapitalsas.com\\\/wp-content\\\/uploads\\\/2022\\\/05\\\/90401-msp-microsoft-365-animation.json&quot;,&quot;id&quot;:18033,&quot;size&quot;:&quot;&quot;,&quot;alt&quot;:&quot;&quot;,&quot;source&quot;:&quot;library&quot;},&quot;loop&quot;:&quot;yes&quot;,&quot;play_speed&quot;:{&quot;unit&quot;:&quot;px&quot;,&quot;size&quot;:0.5,&quot;sizes&quot;:[]},&quot;source&quot;:&quot;media_file&quot;,&quot;caption_source&quot;:&quot;none&quot;,&quot;link_to&quot;:&quot;none&quot;,&quot;trigger&quot;:&quot;arriving_to_viewport&quot;,&quot;viewport&quot;:{&quot;unit&quot;:&quot;%&quot;,&quot;size&quot;:&quot;&quot;,&quot;sizes&quot;:{&quot;start&quot;:0,&quot;end&quot;:100}},&quot;start_point&quot;:{&quot;unit&quot;:&quot;%&quot;,&quot;size&quot;:0,&quot;sizes&quot;:[]},&quot;end_point&quot;:{&quot;unit&quot;:&quot;%&quot;,&quot;size&quot;:100,&quot;sizes&quot;:[]},&quot;renderer&quot;:&quot;svg&quot;}\" data-widget_type=\"lottie.default\">\n\t\t\t\t<div class=\"elementor-widget-container\">\n\t\t\t\t\t<div class=\"e-lottie__container\"><div class=\"e-lottie__animation\"><\/div><\/div>\t\t\t\t<\/div>\n\t\t\t\t<\/div>\n\t\t\t\t\t<\/div>\n\t\t<\/div>\n\t\t\t\t\t<\/div>\n\t\t<\/section>\n\t\t\t\t<section class=\"elementor-section elementor-top-section elementor-element elementor-element-a5475f3 elementor-section-full_width elementor-section-height-min-height elementor-section-content-middle elementor-section-height-default elementor-section-items-middle\" data-id=\"a5475f3\" data-element_type=\"section\" data-e-type=\"section\" data-settings=\"{&quot;motion_fx_motion_fx_scrolling&quot;:&quot;yes&quot;,&quot;motion_fx_opacity_effect&quot;:&quot;yes&quot;,&quot;motion_fx_opacity_range&quot;:{&quot;unit&quot;:&quot;%&quot;,&quot;size&quot;:&quot;&quot;,&quot;sizes&quot;:{&quot;start&quot;:27,&quot;end&quot;:36}},&quot;motion_fx_opacity_direction&quot;:&quot;out-in&quot;,&quot;motion_fx_opacity_level&quot;:{&quot;unit&quot;:&quot;px&quot;,&quot;size&quot;:10,&quot;sizes&quot;:[]},&quot;motion_fx_devices&quot;:[&quot;desktop&quot;,&quot;tablet&quot;,&quot;mobile&quot;]}\">\n\t\t\t\t\t\t<div class=\"elementor-container elementor-column-gap-no\">\n\t\t\t\t\t<div class=\"elementor-column elementor-col-50 elementor-top-column elementor-element elementor-element-41e9a7c\" data-id=\"41e9a7c\" data-element_type=\"column\" data-e-type=\"column\">\n\t\t\t<div class=\"elementor-widget-wrap elementor-element-populated\">\n\t\t\t\t\t\t<div class=\"elementor-element elementor-element-859024c elementor-widget elementor-widget-image\" data-id=\"859024c\" data-element_type=\"widget\" data-e-type=\"widget\" data-widget_type=\"image.default\">\n\t\t\t\t<div class=\"elementor-widget-container\">\n\t\t\t\t\t\t\t\t\t\t\t\t\t\t\t\t<a href=\"https:\/\/www.tescapitalsas.com\/index.php\/product-category\/computadores\/gaming\/\">\n\t\t\t\t\t\t\t<img fetchpriority=\"high\" decoding=\"async\" width=\"600\" height=\"600\" src=\"https:\/\/www.tescapitalsas.com\/wp-content\/uploads\/2022\/05\/win10pro2-1-600x600-1.png\" class=\"attachment-large size-large wp-image-18040\" alt=\"\" srcset=\"https:\/\/www.tescapitalsas.com\/wp-content\/uploads\/2022\/05\/win10pro2-1-600x600-1.png 600w, https:\/\/www.tescapitalsas.com\/wp-content\/uploads\/2022\/05\/win10pro2-1-600x600-1-300x300.png 300w, https:\/\/www.tescapitalsas.com\/wp-content\/uploads\/2022\/05\/win10pro2-1-600x600-1-150x150.png 150w\" sizes=\"(max-width: 600px) 100vw, 600px\" \/>\t\t\t\t\t\t\t\t<\/a>\n\t\t\t\t\t\t\t\t\t\t\t\t\t\t\t<\/div>\n\t\t\t\t<\/div>\n\t\t\t\t\t<\/div>\n\t\t<\/div>\n\t\t\t\t<div class=\"elementor-column elementor-col-50 elementor-top-column elementor-element elementor-element-247a8fc\" data-id=\"247a8fc\" data-element_type=\"column\" data-e-type=\"column\">\n\t\t\t<div class=\"elementor-widget-wrap elementor-element-populated\">\n\t\t\t\t\t\t<div class=\"elementor-element elementor-element-35a2952 elementor-widget elementor-widget-text-editor\" data-id=\"35a2952\" data-element_type=\"widget\" data-e-type=\"widget\" data-widget_type=\"text-editor.default\">\n\t\t\t\t<div class=\"elementor-widget-container\">\n\t\t\t\t\t\t\t\t\t<h1 style=\"text-align: center;\"><em><strong>Licenciamiento OEM<\/strong><\/em><\/h1><h4 style=\"text-align: center;\">Son licencias perpetuas y es la forma m\u00e1s econ\u00f3mica de legalizar el hardware nuevo y porque es licenciamiento base de Microsoft.\u00a0<\/h4>\t\t\t\t\t\t\t\t<\/div>\n\t\t\t\t<\/div>\n\t\t\t\t\t<\/div>\n\t\t<\/div>\n\t\t\t\t\t<\/div>\n\t\t<\/section>\n\t\t\t\t<section class=\"elementor-section elementor-top-section elementor-element elementor-element-90787e1 elementor-section-full_width elementor-section-height-min-height elementor-reverse-mobile elementor-section-height-default elementor-section-items-middle elementor-invisible\" data-id=\"90787e1\" data-element_type=\"section\" data-e-type=\"section\" data-settings=\"{&quot;motion_fx_motion_fx_scrolling&quot;:&quot;yes&quot;,&quot;motion_fx_opacity_effect&quot;:&quot;yes&quot;,&quot;motion_fx_opacity_range&quot;:{&quot;unit&quot;:&quot;%&quot;,&quot;size&quot;:&quot;&quot;,&quot;sizes&quot;:{&quot;start&quot;:28,&quot;end&quot;:52}},&quot;animation&quot;:&quot;fadeIn&quot;,&quot;motion_fx_opacity_direction&quot;:&quot;out-in&quot;,&quot;motion_fx_opacity_level&quot;:{&quot;unit&quot;:&quot;px&quot;,&quot;size&quot;:10,&quot;sizes&quot;:[]},&quot;motion_fx_devices&quot;:[&quot;desktop&quot;,&quot;tablet&quot;,&quot;mobile&quot;]}\">\n\t\t\t\t\t\t<div class=\"elementor-container elementor-column-gap-no\">\n\t\t\t\t\t<div class=\"elementor-column elementor-col-50 elementor-top-column elementor-element elementor-element-09db05b\" data-id=\"09db05b\" data-element_type=\"column\" data-e-type=\"column\">\n\t\t\t<div class=\"elementor-widget-wrap elementor-element-populated\">\n\t\t\t\t\t\t<div class=\"elementor-element elementor-element-4e24b9f elementor-widget elementor-widget-text-editor\" data-id=\"4e24b9f\" data-element_type=\"widget\" data-e-type=\"widget\" data-widget_type=\"text-editor.default\">\n\t\t\t\t<div class=\"elementor-widget-container\">\n\t\t\t\t\t\t\t\t\t<h1 style=\"text-align: center;\"><em><strong>Licenciamiento FPP\u00a0<\/strong><\/em><\/h1><h4 style=\"text-align: center;\">Son licencias con entrega f\u00edsica en caja, administrables por su propietario, econ\u00f3micas y porque son licencias transferibles entre hardware.<\/h4>\t\t\t\t\t\t\t\t<\/div>\n\t\t\t\t<\/div>\n\t\t\t\t\t<\/div>\n\t\t<\/div>\n\t\t\t\t<div class=\"elementor-column elementor-col-50 elementor-top-column elementor-element elementor-element-84f64b9\" data-id=\"84f64b9\" data-element_type=\"column\" data-e-type=\"column\">\n\t\t\t<div class=\"elementor-widget-wrap elementor-element-populated\">\n\t\t\t\t\t\t<div class=\"elementor-element elementor-element-9fcf0ab elementor-widget elementor-widget-image\" data-id=\"9fcf0ab\" data-element_type=\"widget\" data-e-type=\"widget\" data-widget_type=\"image.default\">\n\t\t\t\t<div class=\"elementor-widget-container\">\n\t\t\t\t\t\t\t\t\t\t\t\t\t\t\t\t<a href=\"https:\/\/www.tescapitalsas.com\/index.php\/product-category\/computadores\/gaming\/\">\n\t\t\t\t\t\t\t<img decoding=\"async\" width=\"600\" height=\"600\" src=\"https:\/\/www.tescapitalsas.com\/wp-content\/uploads\/2022\/05\/terminado-2-600x600-1.png\" class=\"attachment-full size-full wp-image-18041\" alt=\"\" srcset=\"https:\/\/www.tescapitalsas.com\/wp-content\/uploads\/2022\/05\/terminado-2-600x600-1.png 600w, https:\/\/www.tescapitalsas.com\/wp-content\/uploads\/2022\/05\/terminado-2-600x600-1-300x300.png 300w, https:\/\/www.tescapitalsas.com\/wp-content\/uploads\/2022\/05\/terminado-2-600x600-1-150x150.png 150w\" sizes=\"(max-width: 600px) 100vw, 600px\" \/>\t\t\t\t\t\t\t\t<\/a>\n\t\t\t\t\t\t\t\t\t\t\t\t\t\t\t<\/div>\n\t\t\t\t<\/div>\n\t\t\t\t\t<\/div>\n\t\t<\/div>\n\t\t\t\t\t<\/div>\n\t\t<\/section>\n\t\t\t\t<section class=\"elementor-section elementor-top-section elementor-element elementor-element-ebae405 elementor-section-full_width elementor-section-height-min-height elementor-section-height-default elementor-section-items-middle\" data-id=\"ebae405\" data-element_type=\"section\" data-e-type=\"section\">\n\t\t\t\t\t\t<div class=\"elementor-container elementor-column-gap-no\">\n\t\t\t\t\t<div class=\"elementor-column elementor-col-50 elementor-top-column elementor-element elementor-element-7adb4a7\" data-id=\"7adb4a7\" data-element_type=\"column\" data-e-type=\"column\">\n\t\t\t<div class=\"elementor-widget-wrap elementor-element-populated\">\n\t\t\t\t\t\t<div class=\"elementor-element elementor-element-8ae27a0 elementor-widget elementor-widget-image\" data-id=\"8ae27a0\" data-element_type=\"widget\" data-e-type=\"widget\" data-widget_type=\"image.default\">\n\t\t\t\t<div class=\"elementor-widget-container\">\n\t\t\t\t\t\t\t\t\t\t\t\t\t\t\t\t<a href=\"https:\/\/www.tescapitalsas.com\/index.php\/product-category\/computadores\/gaming\/\">\n\t\t\t\t\t\t\t<img decoding=\"async\" width=\"650\" height=\"650\" src=\"https:\/\/www.tescapitalsas.com\/wp-content\/uploads\/2022\/05\/LICENCIA-ESD-OFFICE-PROFESSIONAL-1-PC-2019-MICROSOFT_Componentes-Informaticos_7168_1.webp\" class=\"attachment-large size-large wp-image-18042\" alt=\"\" srcset=\"https:\/\/www.tescapitalsas.com\/wp-content\/uploads\/2022\/05\/LICENCIA-ESD-OFFICE-PROFESSIONAL-1-PC-2019-MICROSOFT_Componentes-Informaticos_7168_1.webp 650w, https:\/\/www.tescapitalsas.com\/wp-content\/uploads\/2022\/05\/LICENCIA-ESD-OFFICE-PROFESSIONAL-1-PC-2019-MICROSOFT_Componentes-Informaticos_7168_1-300x300.webp 300w, https:\/\/www.tescapitalsas.com\/wp-content\/uploads\/2022\/05\/LICENCIA-ESD-OFFICE-PROFESSIONAL-1-PC-2019-MICROSOFT_Componentes-Informaticos_7168_1-150x150.webp 150w\" sizes=\"(max-width: 650px) 100vw, 650px\" \/>\t\t\t\t\t\t\t\t<\/a>\n\t\t\t\t\t\t\t\t\t\t\t\t\t\t\t<\/div>\n\t\t\t\t<\/div>\n\t\t\t\t\t<\/div>\n\t\t<\/div>\n\t\t\t\t<div class=\"elementor-column elementor-col-50 elementor-top-column elementor-element elementor-element-3302e99\" data-id=\"3302e99\" data-element_type=\"column\" data-e-type=\"column\">\n\t\t\t<div class=\"elementor-widget-wrap elementor-element-populated\">\n\t\t\t\t\t\t<div class=\"elementor-element elementor-element-7f7fe6d elementor-widget elementor-widget-text-editor\" data-id=\"7f7fe6d\" data-element_type=\"widget\" data-e-type=\"widget\" data-widget_type=\"text-editor.default\">\n\t\t\t\t<div class=\"elementor-widget-container\">\n\t\t\t\t\t\t\t\t\t<h1 style=\"text-align: center;\"><em><strong>Licenciamiento ESD Perpetuo<\/strong><\/em><\/h1><h4 style=\"text-align: center;\">Son licencias digitales perpetuas, multilenguaje y transferibles de hardware. Ahorra gastos log\u00edsticos y administrables.<\/h4>\t\t\t\t\t\t\t\t<\/div>\n\t\t\t\t<\/div>\n\t\t\t\t\t<\/div>\n\t\t<\/div>\n\t\t\t\t\t<\/div>\n\t\t<\/section>\n\t\t\t\t<section class=\"elementor-section elementor-top-section elementor-element elementor-element-6a30889 elementor-section-full_width elementor-section-height-min-height elementor-reverse-mobile elementor-section-height-default elementor-section-items-middle\" data-id=\"6a30889\" data-element_type=\"section\" data-e-type=\"section\">\n\t\t\t\t\t\t<div class=\"elementor-container elementor-column-gap-no\">\n\t\t\t\t\t<div class=\"elementor-column elementor-col-50 elementor-top-column elementor-element elementor-element-273708c\" data-id=\"273708c\" data-element_type=\"column\" data-e-type=\"column\">\n\t\t\t<div class=\"elementor-widget-wrap elementor-element-populated\">\n\t\t\t\t\t\t<div class=\"elementor-element elementor-element-2810d4c elementor-widget elementor-widget-text-editor\" data-id=\"2810d4c\" data-element_type=\"widget\" data-e-type=\"widget\" data-widget_type=\"text-editor.default\">\n\t\t\t\t<div class=\"elementor-widget-container\">\n\t\t\t\t\t\t\t\t\t<h1 style=\"text-align: center;\"><em><b>Licenciamiento anual office 365<\/b><\/em><\/h1><h4 style=\"text-align: center;\">Son licencias anuales de office 365, multilenguaje, transferibles entre hardware, ahorra gastos log\u00edsticos y administrables.<\/h4>\t\t\t\t\t\t\t\t<\/div>\n\t\t\t\t<\/div>\n\t\t\t\t\t<\/div>\n\t\t<\/div>\n\t\t\t\t<div class=\"elementor-column elementor-col-50 elementor-top-column elementor-element elementor-element-98d0a52\" data-id=\"98d0a52\" data-element_type=\"column\" data-e-type=\"column\">\n\t\t\t<div class=\"elementor-widget-wrap elementor-element-populated\">\n\t\t\t\t\t\t<div class=\"elementor-element elementor-element-1b65195 elementor-widget elementor-widget-image\" data-id=\"1b65195\" data-element_type=\"widget\" data-e-type=\"widget\" data-widget_type=\"image.default\">\n\t\t\t\t<div class=\"elementor-widget-container\">\n\t\t\t\t\t\t\t\t\t\t\t\t\t\t\t\t<a href=\"https:\/\/www.tescapitalsas.com\/index.php\/product-category\/computadores\/gaming\/\">\n\t\t\t\t\t\t\t<img loading=\"lazy\" decoding=\"async\" width=\"980\" height=\"747\" src=\"https:\/\/www.tescapitalsas.com\/wp-content\/uploads\/2022\/05\/Office365Cloud-1024x781.png\" class=\"attachment-large size-large wp-image-18043\" alt=\"\" srcset=\"https:\/\/www.tescapitalsas.com\/wp-content\/uploads\/2022\/05\/Office365Cloud-1024x781.png 1024w, https:\/\/www.tescapitalsas.com\/wp-content\/uploads\/2022\/05\/Office365Cloud-300x229.png 300w, https:\/\/www.tescapitalsas.com\/wp-content\/uploads\/2022\/05\/Office365Cloud-768x585.png 768w, https:\/\/www.tescapitalsas.com\/wp-content\/uploads\/2022\/05\/Office365Cloud.png 1401w\" sizes=\"(max-width: 980px) 100vw, 980px\" \/>\t\t\t\t\t\t\t\t<\/a>\n\t\t\t\t\t\t\t\t\t\t\t\t\t\t\t<\/div>\n\t\t\t\t<\/div>\n\t\t\t\t\t<\/div>\n\t\t<\/div>\n\t\t\t\t\t<\/div>\n\t\t<\/section>\n\t\t\t\t<section class=\"elementor-section elementor-top-section elementor-element elementor-element-aba06ea elementor-section-full_width elementor-section-height-min-height elementor-section-height-default elementor-section-items-middle\" data-id=\"aba06ea\" data-element_type=\"section\" data-e-type=\"section\">\n\t\t\t\t\t\t<div class=\"elementor-container elementor-column-gap-no\">\n\t\t\t\t\t<div class=\"elementor-column elementor-col-50 elementor-top-column elementor-element elementor-element-38b7f48\" data-id=\"38b7f48\" data-element_type=\"column\" data-e-type=\"column\">\n\t\t\t<div class=\"elementor-widget-wrap elementor-element-populated\">\n\t\t\t\t\t\t<div class=\"elementor-element elementor-element-448c41a elementor-widget elementor-widget-image\" data-id=\"448c41a\" data-element_type=\"widget\" data-e-type=\"widget\" data-widget_type=\"image.default\">\n\t\t\t\t<div class=\"elementor-widget-container\">\n\t\t\t\t\t\t\t\t\t\t\t\t\t\t\t\t<a href=\"https:\/\/www.tescapitalsas.com\/index.php\/product-category\/computadores\/gaming\/\">\n\t\t\t\t\t\t\t<img loading=\"lazy\" decoding=\"async\" width=\"600\" height=\"200\" src=\"https:\/\/www.tescapitalsas.com\/wp-content\/uploads\/2022\/05\/ms-servidores-licencias-servidores-funcionamiento-v2-optimiz.png\" class=\"attachment-large size-large wp-image-18100\" alt=\"\" srcset=\"https:\/\/www.tescapitalsas.com\/wp-content\/uploads\/2022\/05\/ms-servidores-licencias-servidores-funcionamiento-v2-optimiz.png 600w, https:\/\/www.tescapitalsas.com\/wp-content\/uploads\/2022\/05\/ms-servidores-licencias-servidores-funcionamiento-v2-optimiz-300x100.png 300w\" sizes=\"(max-width: 600px) 100vw, 600px\" \/>\t\t\t\t\t\t\t\t<\/a>\n\t\t\t\t\t\t\t\t\t\t\t\t\t\t\t<\/div>\n\t\t\t\t<\/div>\n\t\t\t\t\t<\/div>\n\t\t<\/div>\n\t\t\t\t<div class=\"elementor-column elementor-col-50 elementor-top-column elementor-element elementor-element-edc1072\" data-id=\"edc1072\" data-element_type=\"column\" data-e-type=\"column\">\n\t\t\t<div class=\"elementor-widget-wrap elementor-element-populated\">\n\t\t\t\t\t\t<div class=\"elementor-element elementor-element-f75e28b elementor-widget elementor-widget-text-editor\" data-id=\"f75e28b\" data-element_type=\"widget\" data-e-type=\"widget\" data-widget_type=\"text-editor.default\">\n\t\t\t\t<div class=\"elementor-widget-container\">\n\t\t\t\t\t\t\t\t\t<h1 style=\"text-align: center;\"><em><strong>Windows Server<\/strong><\/em><\/h1><h4 style=\"text-align: center;\">Es la plataforma para crear una infraestructura de aplicaciones, redes y servicios web conectados. Como administrador de Windows Server, has ayudado a alcanzar los objetivos del negocio manteniendo la infraestructura protegida, disponible y flexible. Windows Server ha sentado las bases del ecosistema de Microsoft y contin\u00faa impulsando la red de clouds h\u00edbridos en la actualidad.<\/h4>\t\t\t\t\t\t\t\t<\/div>\n\t\t\t\t<\/div>\n\t\t\t\t\t<\/div>\n\t\t<\/div>\n\t\t\t\t\t<\/div>\n\t\t<\/section>\n\t\t\t\t<\/div>\n\t\t","protected":false},"excerpt":{"rendered":"<p>MICROSOFT OEM &#8211; FPP &#8211; ESD CLOUD &#8211; ESD PERPETUO&#8230; En Tescapital encuentras la forma m\u00e1s f\u00e1cil de licenciar tus dispositivos, y la m\u00e1s econ\u00f3mica del mercado. Licenciamiento OEM Son licencias perpetuas y es la forma m\u00e1s econ\u00f3mica de legalizar el hardware nuevo y porque es licenciamiento base de Microsoft.\u00a0 Licenciamiento FPP\u00a0 Son licencias con [&hellip;]<\/p>\n","protected":false},"author":1,"featured_media":0,"parent":0,"menu_order":0,"comment_status":"closed","ping_status":"open","template":"template-fullwidth.php","meta":{"_joinchat":[],"footnotes":""},"class_list":["post-18003","page","type-page","status-publish","hentry"],"_links":{"self":[{"href":"https:\/\/www.tescapitalsas.com\/index.php\/wp-json\/wp\/v2\/pages\/18003","targetHints":{"allow":["GET"]}}],"collection":[{"href":"https:\/\/www.tescapitalsas.com\/index.php\/wp-json\/wp\/v2\/pages"}],"about":[{"href":"https:\/\/www.tescapitalsas.com\/index.php\/wp-json\/wp\/v2\/types\/page"}],"author":[{"embeddable":true,"href":"https:\/\/www.tescapitalsas.com\/index.php\/wp-json\/wp\/v2\/users\/1"}],"replies":[{"embeddable":true,"href":"https:\/\/www.tescapitalsas.com\/index.php\/wp-json\/wp\/v2\/comments?post=18003"}],"version-history":[{"count":11,"href":"https:\/\/www.tescapitalsas.com\/index.php\/wp-json\/wp\/v2\/pages\/18003\/revisions"}],"predecessor-version":[{"id":18103,"href":"https:\/\/www.tescapitalsas.com\/index.php\/wp-json\/wp\/v2\/pages\/18003\/revisions\/18103"}],"wp:attachment":[{"href":"https:\/\/www.tescapitalsas.com\/index.php\/wp-json\/wp\/v2\/media?parent=18003"}],"curies":[{"name":"wp","href":"https:\/\/api.w.org\/{rel}","templated":true}]}}