{"id":45,"date":"2020-10-25T23:50:28","date_gmt":"2020-10-25T23:50:28","guid":{"rendered":"https:\/\/www.tescapitalsas.com\/?page_id=45"},"modified":"2022-04-07T02:46:19","modified_gmt":"2022-04-07T02:46:19","slug":"politicas-de-devolucion","status":"publish","type":"page","link":"https:\/\/www.tescapitalsas.com\/index.php\/politicas-de-devolucion\/","title":{"rendered":"Pol\u00edticas de devoluci\u00f3n"},"content":{"rendered":"\t\t<div data-elementor-type=\"wp-page\" data-elementor-id=\"45\" class=\"elementor elementor-45\" data-elementor-post-type=\"page\">\n\t\t\t\t\t\t<section class=\"elementor-section elementor-top-section elementor-element elementor-element-79f9bda2 elementor-section-boxed elementor-section-height-default elementor-section-height-default\" data-id=\"79f9bda2\" data-element_type=\"section\" data-e-type=\"section\">\n\t\t\t\t\t\t<div class=\"elementor-container elementor-column-gap-default\">\n\t\t\t\t\t<div class=\"elementor-column elementor-col-100 elementor-top-column elementor-element elementor-element-1e8bbc8a\" data-id=\"1e8bbc8a\" data-element_type=\"column\" data-e-type=\"column\">\n\t\t\t<div class=\"elementor-widget-wrap elementor-element-populated\">\n\t\t\t\t\t\t<div class=\"elementor-element elementor-element-7fbe8374 elementor-widget elementor-widget-text-editor\" data-id=\"7fbe8374\" data-element_type=\"widget\" data-e-type=\"widget\" data-widget_type=\"text-editor.default\">\n\t\t\t\t<div class=\"elementor-widget-container\">\n\t\t\t\t\t\t\t\t\t<p><span style=\"color: #000000;\">NORMAS Y POL\u00cdTICAS DE DEVOLUCI\u00d3N.<\/span><\/p>\n<p><span style=\"color: #000000;\">TES CAPITAL S.A.S, podr\u00e1 aceptar la devoluci\u00f3n de alg\u00fan producto siempre y cuando cumpla con todas y cada una de las condiciones que se establecen en la siguiente pol\u00edtica de devoluciones:<\/span><\/p>\n<ol>\n<li><span style=\"color: #000000;\">El plazo m\u00e1ximo para recibir una devoluci\u00f3n de producto ser\u00e1 de 48 (cuarenta y ocho) horas a partir de la fecha de facturaci\u00f3n, no hay excepciones.<\/span><\/li>\n<li><span style=\"color: #000000;\">El producto deber\u00e1 encontrarse completo, en perfecto estado para su venta; los sellos, empaques, manuales y accesorios deben ser originales.<\/span><\/li>\n<li><span style=\"color: #000000;\">El cargo del Flete, no ser\u00e1 reembolsado, en la factura inicial.<\/span><\/li>\n<li><span style=\"color: #000000;\">Cualquier devoluci\u00f3n ser\u00e1 reembolsada en caso de proceder, por medio de una nota cr\u00e9dito, aplicable a una factura actual o futura. En ning\u00fan caso se reembolsar\u00e1 el efectivo.<\/span><\/li>\n<li><span style=\"color: #000000;\">No se aceptan devoluciones por baja rotaci\u00f3n de inventario o sobre pedido, salvo convenios espec\u00edficos y deben ir autorizados por la Direcci\u00f3n Comercial.<\/span><\/li>\n<li><span style=\"color: #000000;\">Nuestra Pol\u00edtica de Devoluciones, podr\u00e1 cambiar sin necesidad de previo aviso.<\/span><\/li>\n<\/ol>\n<p><span style=\"color: #000000;\">EXCLUSIONES Y LIMITACIONES<\/span><\/p>\n<p><span style=\"color: #000000;\">Le informamos que por ning\u00fan motivo se podr\u00e1 aceptar producto en devoluci\u00f3n aun cuando haya recibida confirmaci\u00f3n si cumple con alguno de los siguientes casos:<\/span><\/p>\n<ol>\n<li><span style=\"color: #000000;\">El producto fue usado.<\/span><\/li>\n<li><span style=\"color: #000000;\">El empaque o las cajas de producto cuentan con etiquetas no originales o alteradas; se encuentren rayado, con golpes, sucio o con otra forma de maltrato.<\/span><\/li>\n<li><span style=\"color: #000000;\">El empaque o las cajas no sean originales o se encuentren abiertas.<\/span><\/li>\n<li><span style=\"color: #000000;\">El producto haya sido solicitado sobre pedido.<\/span><\/li>\n<li><span style=\"color: #000000;\">El producto est\u00e1 caducado o est\u00e1 fuera de l\u00ednea.<\/span><\/li>\n<li><span style=\"color: #000000;\">El producto fue vendido por una promoci\u00f3n especial o de remate.<\/span><\/li>\n<\/ol>\n<p><span style=\"color: #000000;\">PROCEDIMIENTO A SEGUIR POR EL CLIENTE \u00d3 USUARIO<\/span><\/p>\n<p><span style=\"color: #000000;\">Todas las solicitudes deben seguir el procedimiento relacionado a continuaci\u00f3n:<\/span><\/p>\n<ol>\n<li><span style=\"color: #000000;\">Para efecto de iniciar el proceso de devoluci\u00f3n, el cliente debe seguir los siguientes pasos:<\/span><\/li>\n<\/ol>\n<ul>\n<li><span style=\"color: #000000;\">Solicitar devoluci\u00f3n por medio del formato RMA, si no lo tiene solicitarlo al Correo: info@tescapitalsas.com<\/span><\/li>\n<li><span style=\"color: #000000;\">Tendr\u00e1 respuesta del caso a m\u00e1s tardar 72 horas despu\u00e9s de radicado, en caso de ser aceptada su devoluci\u00f3n, por favor seguir instrucciones de env\u00edo.<\/span><\/li>\n<li><span style=\"color: #000000;\">Se verificar\u00e1 en nuestra base de datos el n\u00famero de serial para comprobar si fue vendido por TES CAPITAL S.A.S Nota TES CAPITAL S.A.S podr\u00e1 recibir mercanc\u00eda como Devoluci\u00f3n \u00fanicamente cuando se cuente con un N\u00famero de Autorizaci\u00f3n.<\/span><\/li>\n<\/ul>\n<ol start=\"2\">\n<li><span style=\"color: #000000;\">Estos productos deben ser enviados al Departamento de Servicio al cliente de TES CAPITAL S.A.S en la siguiente direcci\u00f3n:<\/span><\/li>\n<\/ol>\n<ul>\n<li><span style=\"color: #000000;\">Direcci\u00f3n: CRA 68C # 77-43 &lt;br&gt; \u2022 Destinatarios: TES CAPITAL SAS, M\u00f3nica Rodr\u00edguez y Departamento de garant\u00edas.<\/span><\/li>\n<li><span style=\"color: #000000;\">Horarios de atenci\u00f3n: lunes a viernes de 9:00 am a 1:00 pm y de 2:00 pm a 6:00 pm.<\/span><\/li>\n<li><span style=\"color: #000000;\">Preferiblemente, una comunicaci\u00f3n previa a su visita a nuestras oficinas o dejar en recepci\u00f3n.<\/span><\/li>\n<li><span style=\"color: #000000;\">El env\u00edo debe venir pago por el remitente, de otra manera no se podr\u00e1 hacer recepci\u00f3n de este, los d\u00edas perdidos ser\u00e1n asumidos por el remitente.<\/span><\/li>\n<li><span style=\"color: #000000;\">Notificar gu\u00eda y transportadora del env\u00edo al correo info@tescapitalsas.com Preferiblemente una comunicaci\u00f3n previa a su visita a nuestras oficinas o dejar en recepci\u00f3n.<\/span><\/li>\n<li><span style=\"color: #000000;\">El env\u00edo debe venir pago por el remitente, de otra manera no se podr\u00e1 hacer recepci\u00f3n del mismo.<\/span><\/li>\n<\/ul>\n<p><span style=\"color: #000000;\">\u2022 Notificar gu\u00eda y transportadora del env\u00edo al correo info@tescapitalsas.com<\/span><\/p>\t\t\t\t\t\t\t\t<\/div>\n\t\t\t\t<\/div>\n\t\t\t\t\t<\/div>\n\t\t<\/div>\n\t\t\t\t\t<\/div>\n\t\t<\/section>\n\t\t\t\t<\/div>\n\t\t","protected":false},"excerpt":{"rendered":"<p>NORMAS Y POL\u00cdTICAS DE DEVOLUCI\u00d3N. TES CAPITAL S.A.S, podr\u00e1 aceptar la devoluci\u00f3n de alg\u00fan producto siempre y cuando cumpla con todas y cada una de las condiciones que se establecen en la siguiente pol\u00edtica de devoluciones: El plazo m\u00e1ximo para recibir una devoluci\u00f3n de producto ser\u00e1 de 48 (cuarenta y ocho) horas a partir de [&hellip;]<\/p>\n","protected":false},"author":1,"featured_media":0,"parent":0,"menu_order":0,"comment_status":"closed","ping_status":"closed","template":"","meta":{"_joinchat":[],"footnotes":""},"class_list":["post-45","page","type-page","status-publish","hentry"],"_links":{"self":[{"href":"https:\/\/www.tescapitalsas.com\/index.php\/wp-json\/wp\/v2\/pages\/45","targetHints":{"allow":["GET"]}}],"collection":[{"href":"https:\/\/www.tescapitalsas.com\/index.php\/wp-json\/wp\/v2\/pages"}],"about":[{"href":"https:\/\/www.tescapitalsas.com\/index.php\/wp-json\/wp\/v2\/types\/page"}],"author":[{"embeddable":true,"href":"https:\/\/www.tescapitalsas.com\/index.php\/wp-json\/wp\/v2\/users\/1"}],"replies":[{"embeddable":true,"href":"https:\/\/www.tescapitalsas.com\/index.php\/wp-json\/wp\/v2\/comments?post=45"}],"version-history":[{"count":4,"href":"https:\/\/www.tescapitalsas.com\/index.php\/wp-json\/wp\/v2\/pages\/45\/revisions"}],"predecessor-version":[{"id":17406,"href":"https:\/\/www.tescapitalsas.com\/index.php\/wp-json\/wp\/v2\/pages\/45\/revisions\/17406"}],"wp:attachment":[{"href":"https:\/\/www.tescapitalsas.com\/index.php\/wp-json\/wp\/v2\/media?parent=45"}],"curies":[{"name":"wp","href":"https:\/\/api.w.org\/{rel}","templated":true}]}}