{"id":47,"date":"2020-10-25T23:59:30","date_gmt":"2020-10-25T23:59:30","guid":{"rendered":"https:\/\/www.tescapitalsas.com\/?page_id=47"},"modified":"2022-04-07T03:02:32","modified_gmt":"2022-04-07T03:02:32","slug":"politicas-de-privacidad","status":"publish","type":"page","link":"https:\/\/www.tescapitalsas.com\/index.php\/politicas-de-privacidad\/","title":{"rendered":"Pol\u00edticas de privacidad"},"content":{"rendered":"\t\t<div data-elementor-type=\"wp-page\" data-elementor-id=\"47\" class=\"elementor elementor-47\" data-elementor-post-type=\"page\">\n\t\t\t\t\t\t<section class=\"elementor-section elementor-top-section elementor-element elementor-element-20114387 elementor-section-boxed elementor-section-height-default elementor-section-height-default\" data-id=\"20114387\" data-element_type=\"section\" data-e-type=\"section\">\n\t\t\t\t\t\t<div class=\"elementor-container elementor-column-gap-default\">\n\t\t\t\t\t<div class=\"elementor-column elementor-col-100 elementor-top-column elementor-element elementor-element-4a65872b\" data-id=\"4a65872b\" data-element_type=\"column\" data-e-type=\"column\">\n\t\t\t<div class=\"elementor-widget-wrap elementor-element-populated\">\n\t\t\t\t\t\t<div class=\"elementor-element elementor-element-111e8181 elementor-widget elementor-widget-text-editor\" data-id=\"111e8181\" data-element_type=\"widget\" data-e-type=\"widget\" data-widget_type=\"text-editor.default\">\n\t\t\t\t<div class=\"elementor-widget-container\">\n\t\t\t\t\t\t\t\t\t<p><strong><span style=\"color: #000000;\">\u00bfQu\u00e9 informaci\u00f3n recopilamos?<\/span><\/strong><\/p>\n<p><span style=\"color: #000000;\">Recopilamos informaci\u00f3n de usted cuando se registra en nuestro sitio, realiza un pedido, se suscribe a nuestro bolet\u00edn o completa un formulario.<\/span><\/p>\n<p><span style=\"color: #000000;\">Al hacer un pedido o registrarse en nuestro sitio, seg\u00fan corresponda, se le puede solicitar que ingrese su: nombre, direcci\u00f3n de correo electr\u00f3nico o direcci\u00f3n postal. Sin embargo, puede visitar nuestro sitio de forma an\u00f3nima.<\/span><\/p>\n<p><strong><span style=\"color: #000000;\">\u00bfPara qu\u00e9 utilizamos su informaci\u00f3n?<\/span><\/strong><\/p>\n<p><span style=\"color: #000000;\">Cualquiera de la informaci\u00f3n que recopilamos de usted puede usarse de una de las siguientes maneras:<\/span><\/p>\n<p><span style=\"color: #000000;\">Para personalizar tu experiencia (su informaci\u00f3n nos ayuda a responder mejor a sus necesidades individuales).<\/span><\/p>\n<p><span style=\"color: #000000;\">Para mejorar nuestro sitio web (Nos esforzamos continuamente por mejorar nuestras ofertas de sitios web en funci\u00f3n de la informaci\u00f3n y los comentarios que recibimos de usted).<\/span><\/p>\n<p><span style=\"color: #000000;\">Para mejorar el servicio al cliente (su informaci\u00f3n nos ayuda a responder de manera m\u00e1s efectiva a sus solicitudes de servicio al cliente y necesidades de soporte).<\/span><\/p>\n<p><span style=\"color: #000000;\">Para procesar transacciones Su informaci\u00f3n, ya sea p\u00fablica o privada, no ser\u00e1 vendida, intercambiada, transferida o entregada a ninguna otra compa\u00f1\u00eda por ning\u00fan motivo, sin su consentimiento, que no sea con el prop\u00f3sito expreso de entregar el producto o servicio solicitado.<\/span><\/p>\n<p><span style=\"color: #000000;\">Para administrar un concurso, promoci\u00f3n, encuesta u otra caracter\u00edstica del sitio Para enviar correos electr\u00f3nicos peri\u00f3dicos La direcci\u00f3n de correo electr\u00f3nico que proporciona para el procesamiento de pedidos se puede usar para enviarle informaci\u00f3n y actualizaciones relacionadas con su pedido, adem\u00e1s de recibir noticias de la empresa ocasionalmente, actualizaciones, informaci\u00f3n relacionada con productos o servicios, etc. Nota: Si en alg\u00fan momento desea darse de baja de recibir correos electr\u00f3nicos futuros, incluimos instrucciones detalladas para cancelar la suscripci\u00f3n en la parte inferior de cada correo electr\u00f3nico.<\/span><\/p>\n<p><strong><span style=\"color: #000000;\">\u00bfC\u00f3mo protegemos tu informaci\u00f3n?<\/span><\/strong><br \/><span style=\"color: #000000;\">Implementamos una variedad de medidas de seguridad para mantener la seguridad de su informaci\u00f3n personal cuando realiza un pedido o ingresa, env\u00eda o accede a su informaci\u00f3n personal.<\/span><br \/><span style=\"color: #000000;\">Ofrecemos el uso de un servidor seguro. Toda la informaci\u00f3n confidencial suministrada se transmite a trav\u00e9s de la tecnolog\u00eda Secure Socket Layer (SSL) y luego se encripta en nuestra base de datos de proveedores de pasarela de pago para que puedan acceder las personas autorizadas con derechos especiales de acceso a dichos sistemas y se les exige mantener la confidencialidad de la informaci\u00f3n.<\/span><\/p>\n<p><strong><span style=\"color: #000000;\">\u00bfUsamos cookies?<\/span><\/strong><br \/><span style=\"color: #000000;\">S\u00ed (las cookies son peque\u00f1os archivos que un sitio o su proveedor de servicios transfiere al disco duro de su computadora a trav\u00e9s de su navegador web (si lo permite) que permiten a los sitios o proveedores de servicios reconocer su navegador y capturar y recordar cierta informaci\u00f3n).<\/span><br \/><span style=\"color: #000000;\">Usamos cookies para ayudarnos a recordar y procesar los art\u00edculos en su carrito de compras, comprender y guardar sus preferencias para futuras visitas y realizar un seguimiento de los anuncios.\u00a0<\/span><\/p>\n<p><strong><span style=\"color: #000000;\">\u00bfDivulgamos informaci\u00f3n a terceros?<\/span><\/strong><br \/><span style=\"color: #000000;\">No vendemos, comercializamos ni transferimos a terceros su informaci\u00f3n de identificaci\u00f3n personal. Esto no incluye a terceros de confianza que nos ayudan a operar nuestro sitio web, llevar a cabo nuestro negocio o brindarle servicio, siempre y cuando esas partes acuerden mantener esta informaci\u00f3n confidencial. Tambi\u00e9n podemos divulgar su informaci\u00f3n cuando consideremos que la divulgaci\u00f3n es apropiada para cumplir con la ley, hacer cumplir las pol\u00edticas de nuestro sitio o proteger nuestros derechos, propiedad o seguridad. Sin embargo, la informaci\u00f3n de identificaci\u00f3n no personal se puede proporcionar a otras partes para mercadeo, publicidad u otros usos. <\/span><br \/><span style=\"color: #000000;\">Enlaces de terceros<\/span><br \/><span style=\"color: #000000;\">Ocasionalmente, a nuestro criterio, podemos incluir u ofrecer productos o servicios de terceros en nuestro sitio web. Estos sitios de terceros tienen pol\u00edticas de privacidad separadas e independientes. Por lo tanto, no tenemos ninguna responsabilidad por el contenido y las actividades de estos sitios vinculados. No obstante, buscamos proteger la integridad de nuestro sitio y agradecemos cualquier comentario sobre estos sitios. Pol\u00edtica de privacidad en l\u00ednea solamente<\/span><br \/><span style=\"color: #000000;\">Esta pol\u00edtica de privacidad en l\u00ednea se aplica \u00fanicamente a la informaci\u00f3n recopilada a trav\u00e9s de nuestro sitio web y no a la informaci\u00f3n recopilada fuera de l\u00ednea.<\/span><\/p>\n<p><span style=\"color: #000000;\">Tu consentimiento<\/span><br \/><span style=\"color: #000000;\">Al usar nuestro sitio, usted acepta nuestra pol\u00edtica de privacidad. Cambios a nuestra pol\u00edtica de privacidad<\/span><br \/><span style=\"color: #000000;\">Si decidimos cambiar nuestra pol\u00edtica de privacidad, publicaremos esos cambios en esta p\u00e1gina y \/ o actualizaremos la fecha de modificaci\u00f3n de la Pol\u00edtica de privacidad.<\/span><\/p>\t\t\t\t\t\t\t\t<\/div>\n\t\t\t\t<\/div>\n\t\t\t\t\t<\/div>\n\t\t<\/div>\n\t\t\t\t\t<\/div>\n\t\t<\/section>\n\t\t\t\t<\/div>\n\t\t","protected":false},"excerpt":{"rendered":"<p>\u00bfQu\u00e9 informaci\u00f3n recopilamos? Recopilamos informaci\u00f3n de usted cuando se registra en nuestro sitio, realiza un pedido, se suscribe a nuestro bolet\u00edn o completa un formulario. Al hacer un pedido o registrarse en nuestro sitio, seg\u00fan corresponda, se le puede solicitar que ingrese su: nombre, direcci\u00f3n de correo electr\u00f3nico o direcci\u00f3n postal. Sin embargo, puede visitar [&hellip;]<\/p>\n","protected":false},"author":1,"featured_media":0,"parent":0,"menu_order":0,"comment_status":"closed","ping_status":"closed","template":"","meta":{"_joinchat":[],"footnotes":""},"class_list":["post-47","page","type-page","status-publish","hentry"],"_links":{"self":[{"href":"https:\/\/www.tescapitalsas.com\/index.php\/wp-json\/wp\/v2\/pages\/47","targetHints":{"allow":["GET"]}}],"collection":[{"href":"https:\/\/www.tescapitalsas.com\/index.php\/wp-json\/wp\/v2\/pages"}],"about":[{"href":"https:\/\/www.tescapitalsas.com\/index.php\/wp-json\/wp\/v2\/types\/page"}],"author":[{"embeddable":true,"href":"https:\/\/www.tescapitalsas.com\/index.php\/wp-json\/wp\/v2\/users\/1"}],"replies":[{"embeddable":true,"href":"https:\/\/www.tescapitalsas.com\/index.php\/wp-json\/wp\/v2\/comments?post=47"}],"version-history":[{"count":4,"href":"https:\/\/www.tescapitalsas.com\/index.php\/wp-json\/wp\/v2\/pages\/47\/revisions"}],"predecessor-version":[{"id":17413,"href":"https:\/\/www.tescapitalsas.com\/index.php\/wp-json\/wp\/v2\/pages\/47\/revisions\/17413"}],"wp:attachment":[{"href":"https:\/\/www.tescapitalsas.com\/index.php\/wp-json\/wp\/v2\/media?parent=47"}],"curies":[{"name":"wp","href":"https:\/\/api.w.org\/{rel}","templated":true}]}}